{"id":2217,"date":"2021-12-15T20:44:16","date_gmt":"2021-12-15T20:44:16","guid":{"rendered":"https:\/\/marquezlegal.es\/?page_id=2217"},"modified":"2026-01-19T19:14:56","modified_gmt":"2026-01-19T19:14:56","slug":"aviso-legal","status":"publish","type":"page","link":"https:\/\/marquezlegal.es\/en\/aviso-legal\/","title":{"rendered":"Legal Notice"},"content":{"rendered":"<div class=\"fusion-fullwidth fullwidth-box fusion-builder-row-1 fusion-flex-container nonhundred-percent-fullwidth non-hundred-percent-height-scrolling\" style=\"--awb-border-radius-top-left:0px;--awb-border-radius-top-right:0px;--awb-border-radius-bottom-right:0px;--awb-border-radius-bottom-left:0px;--awb-flex-wrap:wrap;\" ><div class=\"fusion-builder-row fusion-row fusion-flex-align-items-flex-start fusion-flex-content-wrap\" style=\"max-width:1310.4px;margin-left: calc(-4% \/ 2 );margin-right: calc(-4% \/ 2 );\"><div class=\"fusion-layout-column fusion_builder_column fusion-builder-column-0 fusion_builder_column_1_1 1_1 fusion-flex-column\" style=\"--awb-bg-size:cover;--awb-width-large:100%;--awb-margin-top-large:0px;--awb-spacing-right-large:1.92%;--awb-margin-bottom-large:0px;--awb-spacing-left-large:1.92%;--awb-width-medium:100%;--awb-spacing-right-medium:1.92%;--awb-spacing-left-medium:1.92%;--awb-width-small:100%;--awb-spacing-right-small:1.92%;--awb-spacing-left-small:1.92%;\"><div class=\"fusion-column-wrapper fusion-flex-justify-content-flex-start fusion-content-layout-column\"><div class=\"fusion-text fusion-text-1\"><p><strong>INTRODUCTION<\/strong><\/p>\n<p>The purpose of this document is to establish and regulate the rules for using the website. <a href=\"https:\/\/marquezlegal.es\/en\/\">https:\/\/marquezlegal.es\/<\/a>  (hereinafter referred to as the \"Site\"), understanding the Site to mean all pages and their contents owned by <strong>M\u00e1rquez Legal Abogados,<\/strong> which are accessed through the domain https:\/\/marquezlegal.es\/ and its subdomains.<\/p>\n<p>Use of the Website confers the status of User and implies acceptance of all the conditions included in this Legal Notice. The User undertakes to read this Legal Notice carefully each time they intend to use the Website, as it and its conditions of use contained in this Legal Notice may be subject to change.<\/p>\n<p>All notices can be reviewed at any time by the user via our website.<\/p>\n<\/p>\n<p><strong>TITULAR DEL SITIO WEB<\/strong><\/p>\n<p>In accordance with the provisions of Article 10 of Law 34\/2002, of 11 July, on Information Society Services and Electronic Commerce, we inform users that this website is owned by <strong>Mar\u00eda M\u00e1rquez<\/strong> with Tax Identification Number 78990152X, with registered address at Calle Juan Ruiz Mu\u00f1oz Edif. Marino 2, 2nd Floor, 29602 Marbella, M\u00e1laga, which operates under the trade name <b>M\u00e1rquez Legal Abogados<\/b>You can contact us at the email address info@marquezlegal.es or by telephone on 613027372.<\/p>\n<\/p>\n<p><strong>OBJECT<\/strong><\/p>\n<p><strong>M\u00e1rquez Legal Abogados<\/strong> offers the content and services available on the website, subject to this Legal Notice and the policy on the processing of personal data (hereinafter, the \"Privacy Policy\"). Through the website, <b>M\u00e1rquez Legal Abogados<\/b> offers Users the possibility of accessing information about the firm, services, information of interest, and contact details.<\/p>\n<p>The owner of this website makes this document available to users in order to comply with the obligations set forth in Law 34\/2002, on Information Society Services and Electronic Commerce, as well as to inform all users of the conditions of use of the website.<\/p>\n<p>Any person accessing this website assumes the role of User, committing to the observance and strict compliance with the provisions set forth herein, as well as any other legal provision that may be applicable.<\/p>\n<\/p>\n<p><strong>PRIVACY AND PROCESSING OF PERSONAL DATA<\/strong><\/p>\n<p>Users may visit this website without providing any personal data; however, there are various options for queries or forms in which personal data is collected and processed. When personal data is required to access certain content or services, Users shall guarantee its truthfulness, accuracy, authenticity and validity. <b>M\u00e1rquez Legal Abogados<\/b> has internal procedures in place to ensure compliance with the obligations set out in Regulation (EU) 2016\/679 of the European Parliament and of the Council of 27 April 2016 on the protection of natural persons with regard to the processing of personal data and on the free movement of such data (GDPR), as well as the provisions of applicable national data protection legislation. You can consult all the information on how we process the data collected through this website by accessing our <a href=\"https:\/\/marquezlegal.es\/en\/politica-privacidad\/\"><u>Pol\u00edtica de Privacidad<\/u>.<\/a><\/p>\n<\/p>\n<p><strong> USE OF COOKIES<\/strong><\/p>\n<p>A cookie is a file that is downloaded to the User's computer when accessing certain web pages. Cookies allow a website, among other things, to store and retrieve information about a computer's browsing habits and, depending on the information they contain, could be used to recognise the User. You can consult the information about the type of cookies we use by accessing our <a href=\"https:\/\/marquezlegal.es\/en\/politica-cookies\/\"><u>Cookie Policy<\/u><\/a>.<\/p>\n<\/p>\n<p><strong>INDUSTRIAL AND INTELLECTUAL PROPERTY<\/strong><\/p>\n<p>The User acknowledges and accepts that all content displayed on the website, and in particular designs, texts, images, logos, icons, buttons, software, trade names, trademarks, or any other signs susceptible to industrial and\/or commercial use, are subject to intellectual property rights, and all trademarks, trade names, or distinctive signs, all industrial and intellectual property rights over the content and\/or any other elements inserted on the page, are the exclusive property of <strong>M\u00e1rquez Legal Abogados<\/strong> and\/or third parties, who have the exclusive right to use them in economic transactions. Therefore, the User agrees not to reproduce, copy, distribute, make available or in any other way publicly communicate, transform or modify such content, holding harmless <strong>M\u00e1rquez Legal Abogados<\/strong> from any claim arising from the breach of such obligations. Under no circumstances does access to the Website imply any kind of waiver, transfer, licence or total or partial assignment of such rights, unless expressly stated otherwise.<\/p>\n<p>It is also prohibited to remove, circumvent and\/or manipulate the copyright, technical protection devices or any information mechanisms that may be contained in the content. Users of this Website undertake to respect the rights set forth herein and to refrain from any action that could infringe upon them, reserving in all cases <b>M\u00e1rquez Legal Abogados<\/b>  the exercise of any legal means or actions available to it in defence of its legitimate intellectual and industrial property rights.<\/p>\n<\/p>\n<p><strong>HYPERLINKS<\/strong><\/p>\n<p>In the event that this website includes links to third-party websites, the User shall be governed by the Terms of Use and Privacy Policy of the new website, accepting that <b>M\u00e1rquez Legal Abogados<\/b> shall not be liable or have any legal obligation for the use of such sites.  However, in compliance with the provisions of Articles 11 and 16 of Law 34\/2002, of 11 July, on Information Society Services and Electronic Commerce (LSSI-CE), the provider is available to users, authorities and security forces, actively collaborating in the removal or, where appropriate, blocking of any content that could affect or contravene national or international legislation, the rights of third parties or morality and public order. If the User considers that there is any content on the website that could be classified in this way, please notify us immediately.<\/p>\n<p>The User is granted a limited, revocable, and non-exclusive right to create links to the website, exclusively for private and non-commercial use, unless commercial use has been expressly authorised.<\/p>\n<\/p>\n<p><strong>RESPONSIBILITIES<\/strong><\/p>\n<p>The User undertakes to:<\/p>\n<p>Make appropriate and lawful use of the website and its content and services, in accordance with:<\/p>\n<ul>\n<li>the applicable legislation at any given time;<\/li>\n<li>the General Terms and Conditions of Use of the Website;<\/li>\n<li>generally accepted morals and good customs and<\/li>\n<li>public order.<\/li>\n<\/ul>\n<p>Likewise, you must provide accurate information when entering your personal details in the forms contained on the Website and keep them updated at all times so that they reflect the User's actual situation at any given time. The User shall be solely responsible for any false or inaccurate statements made and for any damage caused to <b>M\u00e1rquez Legal Abogados<\/b> or to third parties for the information you provide.<\/p>\n<p>The User shall also refrain from:<\/p>\n<ul>\n<li>Making unauthorised or fraudulent use of the Website and\/or its contents for purposes or effects that are unlawful, prohibited in these General Conditions of Use, harmful to the rights and interests of third parties, or that in any way may damage, render useless, overload, deteriorate or impede the normal use of the services or documents, files and all types of content stored on any computer equipment.<\/li>\n<li>Causing damage to the physical or logical systems of the Website, its suppliers or third parties.<\/li>\n<li>Introducing or spreading computer viruses or any other physical or logical systems that are capable of causing damage to the physical or logical systems of <b>M\u00e1rquez Legal Abogados<\/b>, its suppliers or third parties.<\/li>\n<li>Reproducing or copying, distributing, allowing public access through any form of public communication, transforming or modifying the content, unless authorised by the owner of the corresponding rights or it is legally permitted.<\/li>\n<li>Deleting, concealing or manipulating notes on intellectual or industrial property rights and other data identifying the rights of <b>M\u00e1rquez Legal Abogados<\/b> or third parties incorporated into the content, as well as technical protection devices or any information mechanisms that may be inserted into the content.<\/li>\n<\/ul>\n<p><b>M\u00e1rquez Legal Abogados<\/b> shall not be liable for any damages that may arise from, among other things:<\/p>\n<ul>\n<li>interference, interruptions, failures, omissions, telephone breakdowns, delays, blockages or disconnections in the operation of the electronic system caused by deficiencies, overloads and errors in telecommunications lines and networks, or by any other cause beyond the control of <b>M\u00e1rquez Legal Abogados<\/b><\/li>\n<li>unlawful interference through the use of malicious programmes of any kind and through any means of communication, such as computer viruses or any other means.<\/li>\n<li>improper or inappropriate use of the Website.<\/li>\n<li>security or navigation errors caused by browser malfunction or the use of outdated browser versions. The administrators of <b>M\u00e1rquez Legal Abogados <\/b>reserve the right to remove, in whole or in part, any content or information present on the Website.<\/li>\n<\/ul>\n<p><strong>SAFETY<\/strong><\/p>\n<p><span style=\"font-family: var(--awb-text-font-family); font-size: var(--awb-font-size); font-style: var(--awb-text-font-style); letter-spacing: var(--awb-letter-spacing); text-align: var(--awb-content-alignment); text-transform: var(--awb-text-transform);\"><b>M\u00e1rquez Legal Abogados<\/b><\/span><strong> <\/strong>uses state-of-the-art technologies to protect your personal data and information, and our website is stored on secure servers protected against the most common types of attacks. <b>M\u00e1rquez Legal Abogados<\/b> has adopted technical and organisational measures to ensure the security of personal data and prevent its alteration, loss, unauthorised processing or access, taking into account the state of technology, the nature of the data stored and the risks to which it is exposed.<\/p>\n<\/p>\n<p><strong> DISPUTE RESOLUTION. APPLICABLE LAW AND JURISDICTION<\/strong><\/p>\n<p>In the event that any provision of this Legal Notice is unenforceable or invalid under applicable law or as a result of a judicial or administrative decision, such unenforceability or invalidity shall not render this Legal Notice unenforceable or invalid as a whole. In such cases, <b>M\u00e1rquez Legal Abogados<\/b> shall proceed to modify or replace said stipulation with another that is valid and enforceable and that, as far as possible, achieves the objective and intention reflected in the original stipulation.<\/p>\n<p>For the resolution of all disputes or issues related to this website or the activities carried out on it, Spanish law shall apply, to which the parties expressly submit, with the Courts and Tribunals of the city of Malaga being competent to resolve all conflicts arising from or related to its use, unless the user is a consumer, in which case the Courts and Tribunals of the consumer's domicile shall be competent.<\/p>\n<\/p>\n<p><strong> CHANGES TO THIS LEGAL NOTICE<\/strong><\/p>\n<p><span style=\"font-family: var(--awb-text-font-family); font-size: var(--awb-font-size); font-style: var(--awb-text-font-style); letter-spacing: var(--awb-letter-spacing); text-align: var(--awb-content-alignment); text-transform: var(--awb-text-transform);\"><b>M\u00e1rquez Legal Abogados<\/b><\/span> reserves the right to modify this Legal Notice to adapt it to new legislation or case law, as well as to business practices. In such cases, <b>M\u00e1rquez Legal Abogados<\/b><strong> <\/strong>will announce any changes on this page with reasonable notice prior to their implementation.<\/p>\n<\/div><\/div><\/div><\/div><\/div>","protected":false},"excerpt":{"rendered":"","protected":false},"author":1,"featured_media":0,"parent":0,"menu_order":0,"comment_status":"closed","ping_status":"closed","template":"","meta":{"footnotes":""},"class_list":["post-2217","page","type-page","status-publish","hentry"],"yoast_head":"<!-- This site is optimized with the Yoast SEO plugin v25.9 - https:\/\/yoast.com\/wordpress\/plugins\/seo\/ -->\n<title>Aviso Legal - Marquez Legal Abogados<\/title>\n<meta name=\"robots\" content=\"noindex, follow\" \/>\n<meta property=\"og:locale\" content=\"en_GB\" \/>\n<meta property=\"og:type\" content=\"article\" \/>\n<meta property=\"og:title\" content=\"Aviso Legal - Marquez Legal Abogados\" \/>\n<meta property=\"og:url\" content=\"https:\/\/marquezlegal.es\/en\/aviso-legal\/\" \/>\n<meta property=\"og:site_name\" content=\"Marquez Legal Abogados\" \/>\n<meta property=\"article:modified_time\" content=\"2026-01-19T19:14:56+00:00\" \/>\n<meta name=\"twitter:card\" content=\"summary_large_image\" \/>\n<meta name=\"twitter:label1\" content=\"Estimated reading time\" \/>\n\t<meta name=\"twitter:data1\" content=\"11 minutes\" \/>\n<script type=\"application\/ld+json\" class=\"yoast-schema-graph\">{\"@context\":\"https:\/\/schema.org\",\"@graph\":[{\"@type\":\"WebPage\",\"@id\":\"https:\/\/marquezlegal.es\/aviso-legal\/\",\"url\":\"https:\/\/marquezlegal.es\/aviso-legal\/\",\"name\":\"Aviso Legal - Marquez Legal Abogados\",\"isPartOf\":{\"@id\":\"https:\/\/marquezlegal.es\/#website\"},\"datePublished\":\"2021-12-15T20:44:16+00:00\",\"dateModified\":\"2026-01-19T19:14:56+00:00\",\"breadcrumb\":{\"@id\":\"https:\/\/marquezlegal.es\/aviso-legal\/#breadcrumb\"},\"inLanguage\":\"en-GB\",\"potentialAction\":[{\"@type\":\"ReadAction\",\"target\":[\"https:\/\/marquezlegal.es\/aviso-legal\/\"]}]},{\"@type\":\"BreadcrumbList\",\"@id\":\"https:\/\/marquezlegal.es\/aviso-legal\/#breadcrumb\",\"itemListElement\":[{\"@type\":\"ListItem\",\"position\":1,\"name\":\"Portada\",\"item\":\"https:\/\/marquezlegal.es\/\"},{\"@type\":\"ListItem\",\"position\":2,\"name\":\"Aviso Legal\"}]},{\"@type\":\"WebSite\",\"@id\":\"https:\/\/marquezlegal.es\/#website\",\"url\":\"https:\/\/marquezlegal.es\/\",\"name\":\"Marquez Legal Abogados\",\"description\":\"Despacho de abogados en Marbella\",\"publisher\":{\"@id\":\"https:\/\/marquezlegal.es\/#organization\"},\"potentialAction\":[{\"@type\":\"SearchAction\",\"target\":{\"@type\":\"EntryPoint\",\"urlTemplate\":\"https:\/\/marquezlegal.es\/?s={search_term_string}\"},\"query-input\":{\"@type\":\"PropertyValueSpecification\",\"valueRequired\":true,\"valueName\":\"search_term_string\"}}],\"inLanguage\":\"en-GB\"},{\"@type\":\"Organization\",\"@id\":\"https:\/\/marquezlegal.es\/#organization\",\"name\":\"M\u00e1rquez Legal Abogados\",\"url\":\"https:\/\/marquezlegal.es\/\",\"logo\":{\"@type\":\"ImageObject\",\"inLanguage\":\"en-GB\",\"@id\":\"https:\/\/marquezlegal.es\/#\/schema\/logo\/image\/\",\"url\":\"https:\/\/marquezlegal.es\/wp-content\/uploads\/2021\/11\/marquez-legal-logo-1-1-e1637850560823.png\",\"contentUrl\":\"https:\/\/marquezlegal.es\/wp-content\/uploads\/2021\/11\/marquez-legal-logo-1-1-e1637850560823.png\",\"width\":342,\"height\":103,\"caption\":\"M\u00e1rquez Legal Abogados\"},\"image\":{\"@id\":\"https:\/\/marquezlegal.es\/#\/schema\/logo\/image\/\"},\"sameAs\":[\"https:\/\/www.instagram.com\/marquez_legal_abogados\/\"]}]}<\/script>\n<!-- \/ Yoast SEO plugin. -->","yoast_head_json":{"title":"Aviso Legal - Marquez Legal Abogados","robots":{"index":"noindex","follow":"follow"},"og_locale":"en_GB","og_type":"article","og_title":"Aviso Legal - Marquez Legal Abogados","og_url":"https:\/\/marquezlegal.es\/en\/aviso-legal\/","og_site_name":"Marquez Legal Abogados","article_modified_time":"2026-01-19T19:14:56+00:00","twitter_card":"summary_large_image","twitter_misc":{"Estimated reading time":"11 minutes"},"schema":{"@context":"https:\/\/schema.org","@graph":[{"@type":"WebPage","@id":"https:\/\/marquezlegal.es\/aviso-legal\/","url":"https:\/\/marquezlegal.es\/aviso-legal\/","name":"Aviso Legal - Marquez Legal Abogados","isPartOf":{"@id":"https:\/\/marquezlegal.es\/#website"},"datePublished":"2021-12-15T20:44:16+00:00","dateModified":"2026-01-19T19:14:56+00:00","breadcrumb":{"@id":"https:\/\/marquezlegal.es\/aviso-legal\/#breadcrumb"},"inLanguage":"en-GB","potentialAction":[{"@type":"ReadAction","target":["https:\/\/marquezlegal.es\/aviso-legal\/"]}]},{"@type":"BreadcrumbList","@id":"https:\/\/marquezlegal.es\/aviso-legal\/#breadcrumb","itemListElement":[{"@type":"ListItem","position":1,"name":"Portada","item":"https:\/\/marquezlegal.es\/"},{"@type":"ListItem","position":2,"name":"Aviso Legal"}]},{"@type":"WebSite","@id":"https:\/\/marquezlegal.es\/#website","url":"https:\/\/marquezlegal.es\/","name":"Marquez Legal Abogados","description":"Despacho de abogados en Marbella","publisher":{"@id":"https:\/\/marquezlegal.es\/#organization"},"potentialAction":[{"@type":"SearchAction","target":{"@type":"EntryPoint","urlTemplate":"https:\/\/marquezlegal.es\/?s={search_term_string}"},"query-input":{"@type":"PropertyValueSpecification","valueRequired":true,"valueName":"search_term_string"}}],"inLanguage":"en-GB"},{"@type":"Organization","@id":"https:\/\/marquezlegal.es\/#organization","name":"M\u00e1rquez Legal Abogados","url":"https:\/\/marquezlegal.es\/","logo":{"@type":"ImageObject","inLanguage":"en-GB","@id":"https:\/\/marquezlegal.es\/#\/schema\/logo\/image\/","url":"https:\/\/marquezlegal.es\/wp-content\/uploads\/2021\/11\/marquez-legal-logo-1-1-e1637850560823.png","contentUrl":"https:\/\/marquezlegal.es\/wp-content\/uploads\/2021\/11\/marquez-legal-logo-1-1-e1637850560823.png","width":342,"height":103,"caption":"M\u00e1rquez Legal Abogados"},"image":{"@id":"https:\/\/marquezlegal.es\/#\/schema\/logo\/image\/"},"sameAs":["https:\/\/www.instagram.com\/marquez_legal_abogados\/"]}]}},"_links":{"self":[{"href":"https:\/\/marquezlegal.es\/en\/wp-json\/wp\/v2\/pages\/2217","targetHints":{"allow":["GET"]}}],"collection":[{"href":"https:\/\/marquezlegal.es\/en\/wp-json\/wp\/v2\/pages"}],"about":[{"href":"https:\/\/marquezlegal.es\/en\/wp-json\/wp\/v2\/types\/page"}],"author":[{"embeddable":true,"href":"https:\/\/marquezlegal.es\/en\/wp-json\/wp\/v2\/users\/1"}],"replies":[{"embeddable":true,"href":"https:\/\/marquezlegal.es\/en\/wp-json\/wp\/v2\/comments?post=2217"}],"version-history":[{"count":4,"href":"https:\/\/marquezlegal.es\/en\/wp-json\/wp\/v2\/pages\/2217\/revisions"}],"predecessor-version":[{"id":2354,"href":"https:\/\/marquezlegal.es\/en\/wp-json\/wp\/v2\/pages\/2217\/revisions\/2354"}],"wp:attachment":[{"href":"https:\/\/marquezlegal.es\/en\/wp-json\/wp\/v2\/media?parent=2217"}],"curies":[{"name":"wp","href":"https:\/\/api.w.org\/{rel}","templated":true}]}}