{"id":3,"date":"2021-11-17T12:03:01","date_gmt":"2021-11-17T12:03:01","guid":{"rendered":"https:\/\/marquezlegal.es\/?page_id=3"},"modified":"2026-01-19T21:05:17","modified_gmt":"2026-01-19T21:05:17","slug":"politica-privacidad","status":"publish","type":"page","link":"https:\/\/marquezlegal.es\/en\/politica-privacidad\/","title":{"rendered":"Privacy policy"},"content":{"rendered":"<div class=\"fusion-fullwidth fullwidth-box fusion-builder-row-1 fusion-flex-container nonhundred-percent-fullwidth non-hundred-percent-height-scrolling\" style=\"--awb-border-radius-top-left:0px;--awb-border-radius-top-right:0px;--awb-border-radius-bottom-right:0px;--awb-border-radius-bottom-left:0px;--awb-flex-wrap:wrap;\" ><div class=\"fusion-builder-row fusion-row fusion-flex-align-items-flex-start fusion-flex-content-wrap\" style=\"max-width:1310.4px;margin-left: calc(-4% \/ 2 );margin-right: calc(-4% \/ 2 );\"><div class=\"fusion-layout-column fusion_builder_column fusion-builder-column-0 fusion_builder_column_1_1 1_1 fusion-flex-column\" style=\"--awb-bg-size:cover;--awb-width-large:100%;--awb-margin-top-large:0px;--awb-spacing-right-large:1.92%;--awb-margin-bottom-large:0px;--awb-spacing-left-large:1.92%;--awb-width-medium:100%;--awb-spacing-right-medium:1.92%;--awb-spacing-left-medium:1.92%;--awb-width-small:100%;--awb-spacing-right-small:1.92%;--awb-spacing-left-small:1.92%;\"><div class=\"fusion-column-wrapper fusion-flex-justify-content-flex-start fusion-content-layout-column\"><div class=\"fusion-text fusion-text-1\"><p class=\"translation-block\">Our Privacy Policy has been developed in compliance with the provisions of Regulation (EU) 2016\/679 of the European Parliament and of the Council of 27 April 2016 on the protection of natural persons with regard to the processing of personal data and on the free movement of such data (<strong>GDPR<\/strong>), as well as in compliance with the provisions of Organic Law 3\/2018 of 5 December on the Protection of Personal Data and Guarantee of Digital Rights (<strong>LOPDGDD<\/strong>).<\/p>\n<p>By providing us with your data, you declare that you have read and understood this Privacy Policy and give your unequivocal consent to the processing of your personal data in accordance with the purposes and terms set out herein.<\/p>\n<\/p>\n<p><strong>RESPONSABLE DEL TRATAMIENTO<\/strong><\/p>\n<ul>\n<li>Mar\u00eda M\u00e1rquez<\/li>\n<li>78990152X<\/li>\n<li>Entidad mercantil inscrita en el registro mercantil de M\u00e1laga, al tomo 5838, folio 58, inscripci\u00f3n 1, con hoja MA-150727.<\/li>\n<li>Calle Juan Ruiz Mu\u00f1oz Edif. Marino 2, 2nd Floor, 29602 Marbella, M\u00e1laga<\/li>\n<li>Email <a href=\"mailto:info@marquezlegal.es\">info@marquezlegal.es<\/a><\/li>\n<li>Tel\u00e9fono 613027372<\/li>\n<\/ul>\n<p><strong>PURPOSE OF THE PROCESSING AND NATURE OF THE DATA PROCESSED<\/strong><\/p>\n<p>La informaci\u00f3n recabada a trav\u00e9s del formulario de contacto se trata con la finalidad de atender la consulta o petici\u00f3n de informaci\u00f3n que en su caso solicite el Usuario. Los datos recabados en este caso son de naturaleza identificativa y de contacto (nombre, apellidos, tel\u00e9fono y correo electr\u00f3nico), as\u00ed como datos relacionados con la consulta o petici\u00f3n planteada.<\/p>\n<\/p>\n<p><strong>LEGITIMACY OF PROCESSING<\/strong><\/p>\n<p>La base que legitima el tratamiento de datos es el propio consentimiento del Usuario que se manifiesta mediante la marcaci\u00f3n de casilla de aceptaci\u00f3n como paso previo al env\u00edo del formulario.  El Usuario tiene derecho a retirar el consentimiento en cualquier momento, sin que ello afecte a la licitud del tratamiento basado en el consentimiento previo a su retirada.<\/p>\n<\/p>\n<p><strong>PLANNED ASSIGNMENTS AND INTERNATIONAL TRANSFERS<\/strong><\/p>\n<p>No data collected through the contact form will be transferred to third parties, unless required by law. If the nature of your request requires us to communicate your data to third parties, we will inform you in advance of the recipient of the data and the purpose of the communication.<\/p>\n<p>If you agree to the installation of analytical cookies on our website, we inform you that your data will be processed by Google Ireland, LTD. \u2013 a provider of cloud data storage and processing services through the application of standard contractual clauses. Further information: <a href=\"https:\/\/policies.google.com\/privacy?hl=es\">https:\/\/policies.google.com\/privacy?hl=es<\/a><\/p>\n<\/p>\n<p><strong>RETAINING INFORMATION<\/strong><\/p>\n<p>The information collected through the contact form will be kept for the period necessary to respond to the query or request for information made by the User; subsequently, the data will be deleted, unless the nature of the query or request requires the information to be kept for other purposes, in which case we will inform you of the purpose of the processing, the retention period and the recipients of the data, in the appropriate terms.<em>.<\/em><\/p>\n<\/p>\n<p><strong>SAFETY MEASURES<\/strong><\/p>\n<p><b>M\u00e1rquez Legal Abogados<\/b> utiliza tecnolog\u00edas adecuadas al estado de la t\u00e9cnica actual, para proteger sus datos e informaciones personales, as\u00ed nuestra p\u00e1gina web se almacena en servidores seguros protegidos contra los tipos de ataques m\u00e1s habituales. No obstante, le recordamos que no existe la tecnolog\u00eda invulnerable y que por tanto debe poner los medios que est\u00e9n a su alcance para mantener el nivel de seguridad de sus datos. M\u00e1rquez Legal Abogados ha adoptado las medidas de \u00edndole t\u00e9cnica y organizativa que garantizan la seguridad de los datos de car\u00e1cter personal y evitan su alteraci\u00f3n, p\u00e9rdida, tratamiento o acceso no autorizado, habida cuenta del estado de la tecnolog\u00eda, la naturaleza de los datos almacenados y los riesgos a que est\u00e9n expuestos.<\/p>\n<\/p>\n<p><strong>DATA SUBJECT RIGHTS IN THE FIELD OF DATA PROTECTION<\/strong><\/p>\n<p>The General Data Protection Regulation recognises various rights for data subjects in relation to the processing of their personal data. Below, we provide information on each of these rights and indicate the channels through which you may submit the corresponding request, where applicable:<\/p>\n<ul>\n<li>Right of access to personal data: the data subject may obtain confirmation as to whether personal data concerning him or her are being processed.<\/li>\n<li>Right of rectification: the data subject has the right to request the rectification of inaccurate or incomplete data.<\/li>\n<li>Right to erasure: the data subject may request that their data be erased without undue delay, among other reasons, because it is no longer necessary, consent has been withdrawn, etc.<\/li>\n<li>Right to restrict data processing: the data subject may request that their personal data not be used for the processing operations that would apply in each case, in which case we will only retain it for the exercise or defence of claims.<\/li>\n<li>Right to data portability. The data subject may receive their data in a structured, commonly used and machine-readable format; likewise, the data subject may request that their data be transmitted to another data controller, provided that this is technically possible.<\/li>\n<li>Right to object: the data subject objects to the processing and the promoter will cease to process their data, except for compelling legitimate reasons or the exercise or defence of possible claims.<\/li>\n<\/ul>\n<p>We remind you that you have the right to withdraw your consent at any time, without this affecting the lawfulness of processing based on consent prior to its withdrawal.<\/p>\n<p>To exercise your rights, you may send your request to:<\/p>\n<ul>\n<li>M\u00e1rquez Legal Abogados<\/li>\n<li>Calle Juan Ruiz Mu\u00f1oz Edif. Marino 2, 2nd Floor, 29602 Marbella, M\u00e1laga<\/li>\n<li>Email <a href=\"mailto:info@marquezlegal.es\">info@marquezlegal.es<\/a><\/li>\n<\/ul>\n<p>En los casos en los que considere que durante el tratamiento de datos por parte de <b>M\u00e1rquez Legal Abogados <\/b>se han vulnerado los derechos en materia de protecci\u00f3n de datos del interesado, especialmente cuando no haya obtenido satisfacci\u00f3n en el ejercicio de sus derechos, el Usuario puede presentar una reclamaci\u00f3n ante la Autoridad de Control en materia de Protecci\u00f3n de Datos competente (Agencia Espa\u00f1ola de Protecci\u00f3n de Datos <a href=\"http:\/\/www.aepd.es\/\">www.aepd.es<\/a>).<\/p>\n<\/p>\n<p><strong>ACCURACY AND UPDATING OF THE INFORMATION PROVIDED<\/strong><\/p>\n<p>Toda la informaci\u00f3n que facilite el Usuario deber\u00e1 ser veraz y exacta. A estos efectos, el Usuario debe asegurarse de la autenticidad de todos aquellos datos que aporte como consecuencia de la cumplimentaci\u00f3n de los formularios correspondientes. Para registrarse y\/o rellenar cualquier formulario, el Usuario tendr\u00e1 que proporcionar todos los datos que figuran en dichos formularios como obligatorios, garantizando que los datos proporcionados son exactos y adecuados a la realidad. La variaci\u00f3n de sus datos deber\u00e1 ser notificada lo antes posible a M\u00e1rquez Legal Abogados. En todo caso, el Usuario ser\u00e1 el \u00fanico responsable de las manifestaciones falsas o inexactas que realice, y de los perjuicios que cause a M\u00e1rquez Legal Abogados, o a terceros, por la informaci\u00f3n que facilite.<\/p>\n<\/p>\n<p><strong>CHANGES TO THIS PRIVACY POLICY<\/strong><\/p>\n<p><span style=\"letter-spacing: 0.16px; background-color: rgba(0, 0, 0, 0);\">M\u00e1rquez Legal Abogados<\/span> se reserva el derecho a modificar la presente Pol\u00edtica de Privacidad para adaptarla a novedades legislativas o jurisprudenciales, as\u00ed como a pr\u00e1cticas empresariales. En dichos supuestos, M\u00e1rquez Legal Abogados anunciar\u00e1 en esta p\u00e1gina los cambios introducidos con razonable antelaci\u00f3n a su puesta en pr\u00e1ctica.<\/p>\n<\/div><\/div><\/div><\/div><\/div>","protected":false},"excerpt":{"rendered":"","protected":false},"author":1,"featured_media":0,"parent":0,"menu_order":0,"comment_status":"closed","ping_status":"open","template":"","meta":{"footnotes":""},"class_list":["post-3","page","type-page","status-publish","hentry"],"yoast_head":"<!-- This site is optimized with the Yoast SEO plugin v25.9 - https:\/\/yoast.com\/wordpress\/plugins\/seo\/ -->\n<title>Pol\u00edtica de privacidad - Marquez Legal Abogados<\/title>\n<meta name=\"robots\" content=\"noindex, follow\" \/>\n<meta property=\"og:locale\" content=\"en_GB\" \/>\n<meta property=\"og:type\" content=\"article\" \/>\n<meta property=\"og:title\" content=\"Pol\u00edtica de privacidad - Marquez Legal Abogados\" \/>\n<meta property=\"og:url\" content=\"https:\/\/marquezlegal.es\/en\/politica-privacidad\/\" \/>\n<meta property=\"og:site_name\" content=\"Marquez Legal Abogados\" \/>\n<meta property=\"article:modified_time\" content=\"2026-01-19T21:05:17+00:00\" \/>\n<meta name=\"twitter:card\" content=\"summary_large_image\" \/>\n<meta name=\"twitter:label1\" content=\"Estimated reading time\" \/>\n\t<meta name=\"twitter:data1\" content=\"7 minutes\" \/>\n<script type=\"application\/ld+json\" class=\"yoast-schema-graph\">{\"@context\":\"https:\/\/schema.org\",\"@graph\":[{\"@type\":\"WebPage\",\"@id\":\"https:\/\/marquezlegal.es\/politica-privacidad\/\",\"url\":\"https:\/\/marquezlegal.es\/politica-privacidad\/\",\"name\":\"Pol\u00edtica de privacidad - Marquez Legal Abogados\",\"isPartOf\":{\"@id\":\"https:\/\/marquezlegal.es\/#website\"},\"datePublished\":\"2021-11-17T12:03:01+00:00\",\"dateModified\":\"2026-01-19T21:05:17+00:00\",\"breadcrumb\":{\"@id\":\"https:\/\/marquezlegal.es\/politica-privacidad\/#breadcrumb\"},\"inLanguage\":\"en-GB\",\"potentialAction\":[{\"@type\":\"ReadAction\",\"target\":[\"https:\/\/marquezlegal.es\/politica-privacidad\/\"]}]},{\"@type\":\"BreadcrumbList\",\"@id\":\"https:\/\/marquezlegal.es\/politica-privacidad\/#breadcrumb\",\"itemListElement\":[{\"@type\":\"ListItem\",\"position\":1,\"name\":\"Portada\",\"item\":\"https:\/\/marquezlegal.es\/\"},{\"@type\":\"ListItem\",\"position\":2,\"name\":\"Pol\u00edtica de privacidad\"}]},{\"@type\":\"WebSite\",\"@id\":\"https:\/\/marquezlegal.es\/#website\",\"url\":\"https:\/\/marquezlegal.es\/\",\"name\":\"Marquez Legal Abogados\",\"description\":\"Despacho de abogados en Marbella\",\"publisher\":{\"@id\":\"https:\/\/marquezlegal.es\/#organization\"},\"potentialAction\":[{\"@type\":\"SearchAction\",\"target\":{\"@type\":\"EntryPoint\",\"urlTemplate\":\"https:\/\/marquezlegal.es\/?s={search_term_string}\"},\"query-input\":{\"@type\":\"PropertyValueSpecification\",\"valueRequired\":true,\"valueName\":\"search_term_string\"}}],\"inLanguage\":\"en-GB\"},{\"@type\":\"Organization\",\"@id\":\"https:\/\/marquezlegal.es\/#organization\",\"name\":\"M\u00e1rquez Legal Abogados\",\"url\":\"https:\/\/marquezlegal.es\/\",\"logo\":{\"@type\":\"ImageObject\",\"inLanguage\":\"en-GB\",\"@id\":\"https:\/\/marquezlegal.es\/#\/schema\/logo\/image\/\",\"url\":\"https:\/\/marquezlegal.es\/wp-content\/uploads\/2021\/11\/marquez-legal-logo-1-1-e1637850560823.png\",\"contentUrl\":\"https:\/\/marquezlegal.es\/wp-content\/uploads\/2021\/11\/marquez-legal-logo-1-1-e1637850560823.png\",\"width\":342,\"height\":103,\"caption\":\"M\u00e1rquez Legal Abogados\"},\"image\":{\"@id\":\"https:\/\/marquezlegal.es\/#\/schema\/logo\/image\/\"},\"sameAs\":[\"https:\/\/www.instagram.com\/marquez_legal_abogados\/\"]}]}<\/script>\n<!-- \/ Yoast SEO plugin. -->","yoast_head_json":{"title":"Pol\u00edtica de privacidad - Marquez Legal Abogados","robots":{"index":"noindex","follow":"follow"},"og_locale":"en_GB","og_type":"article","og_title":"Pol\u00edtica de privacidad - Marquez Legal Abogados","og_url":"https:\/\/marquezlegal.es\/en\/politica-privacidad\/","og_site_name":"Marquez Legal Abogados","article_modified_time":"2026-01-19T21:05:17+00:00","twitter_card":"summary_large_image","twitter_misc":{"Estimated reading time":"7 minutes"},"schema":{"@context":"https:\/\/schema.org","@graph":[{"@type":"WebPage","@id":"https:\/\/marquezlegal.es\/politica-privacidad\/","url":"https:\/\/marquezlegal.es\/politica-privacidad\/","name":"Pol\u00edtica de privacidad - Marquez Legal Abogados","isPartOf":{"@id":"https:\/\/marquezlegal.es\/#website"},"datePublished":"2021-11-17T12:03:01+00:00","dateModified":"2026-01-19T21:05:17+00:00","breadcrumb":{"@id":"https:\/\/marquezlegal.es\/politica-privacidad\/#breadcrumb"},"inLanguage":"en-GB","potentialAction":[{"@type":"ReadAction","target":["https:\/\/marquezlegal.es\/politica-privacidad\/"]}]},{"@type":"BreadcrumbList","@id":"https:\/\/marquezlegal.es\/politica-privacidad\/#breadcrumb","itemListElement":[{"@type":"ListItem","position":1,"name":"Portada","item":"https:\/\/marquezlegal.es\/"},{"@type":"ListItem","position":2,"name":"Pol\u00edtica de privacidad"}]},{"@type":"WebSite","@id":"https:\/\/marquezlegal.es\/#website","url":"https:\/\/marquezlegal.es\/","name":"Marquez Legal Abogados","description":"Despacho de abogados en Marbella","publisher":{"@id":"https:\/\/marquezlegal.es\/#organization"},"potentialAction":[{"@type":"SearchAction","target":{"@type":"EntryPoint","urlTemplate":"https:\/\/marquezlegal.es\/?s={search_term_string}"},"query-input":{"@type":"PropertyValueSpecification","valueRequired":true,"valueName":"search_term_string"}}],"inLanguage":"en-GB"},{"@type":"Organization","@id":"https:\/\/marquezlegal.es\/#organization","name":"M\u00e1rquez Legal Abogados","url":"https:\/\/marquezlegal.es\/","logo":{"@type":"ImageObject","inLanguage":"en-GB","@id":"https:\/\/marquezlegal.es\/#\/schema\/logo\/image\/","url":"https:\/\/marquezlegal.es\/wp-content\/uploads\/2021\/11\/marquez-legal-logo-1-1-e1637850560823.png","contentUrl":"https:\/\/marquezlegal.es\/wp-content\/uploads\/2021\/11\/marquez-legal-logo-1-1-e1637850560823.png","width":342,"height":103,"caption":"M\u00e1rquez Legal Abogados"},"image":{"@id":"https:\/\/marquezlegal.es\/#\/schema\/logo\/image\/"},"sameAs":["https:\/\/www.instagram.com\/marquez_legal_abogados\/"]}]}},"_links":{"self":[{"href":"https:\/\/marquezlegal.es\/en\/wp-json\/wp\/v2\/pages\/3","targetHints":{"allow":["GET"]}}],"collection":[{"href":"https:\/\/marquezlegal.es\/en\/wp-json\/wp\/v2\/pages"}],"about":[{"href":"https:\/\/marquezlegal.es\/en\/wp-json\/wp\/v2\/types\/page"}],"author":[{"embeddable":true,"href":"https:\/\/marquezlegal.es\/en\/wp-json\/wp\/v2\/users\/1"}],"replies":[{"embeddable":true,"href":"https:\/\/marquezlegal.es\/en\/wp-json\/wp\/v2\/comments?post=3"}],"version-history":[{"count":5,"href":"https:\/\/marquezlegal.es\/en\/wp-json\/wp\/v2\/pages\/3\/revisions"}],"predecessor-version":[{"id":2360,"href":"https:\/\/marquezlegal.es\/en\/wp-json\/wp\/v2\/pages\/3\/revisions\/2360"}],"wp:attachment":[{"href":"https:\/\/marquezlegal.es\/en\/wp-json\/wp\/v2\/media?parent=3"}],"curies":[{"name":"wp","href":"https:\/\/api.w.org\/{rel}","templated":true}]}}